{"id":684,"date":"2014-09-19T19:49:19","date_gmt":"2014-09-19T19:49:19","guid":{"rendered":"http:\/\/skif.com.ar\/2014\/?page_id=684"},"modified":"2023-05-17T15:57:47","modified_gmt":"2023-05-17T18:57:47","slug":"instructores","status":"publish","type":"page","link":"https:\/\/skif.com.ar\/?page_id=684","title":{"rendered":"Instructores"},"content":{"rendered":"<h4>Estructura de la Escuela<\/h4>\n<div align=\"center\"><img loading=\"lazy\" class=\"alignnon wp-image-712\" src=\"http:\/\/skif.com.ar\/wp-content\/uploads\/hirokazu-kanazawa.png\" alt=\"hirokazu kanazawa\" width=\"96\" height=\"96\" \/><br \/><strong>L\u00edder fundador del estilo SKIF<\/strong><br \/>Kancho Hirokazu KANAZAWA 10\u00ba DAN<\/div>\n<p>\u00a0<\/p>\n<div style=\"width: 40%; padding: 0 10pt 0 0; float: left;\">\n<div align=\"center\"><img loading=\"lazy\" class=\"aligncenter\" src=\"http:\/\/skif.com.ar\/wp-content\/uploads\/hiroshi-ishikawa.png\" alt=\"hiroshi ishikawa\" width=\"96\" height=\"96\" \/><br \/><strong>Director Am\u00e9rica Latina y Caribe SKIF<br \/><\/strong>Hanshi Hiroshi ISHIKAWA 9\u00ba DAN<\/div>\n<\/div>\n<div style=\"width: 40%; padding: 0 10pt 0 0; float: right;\">\n<div align=\"center\"><img loading=\"lazy\" class=\"aligncenter\" src=\"http:\/\/skif.com.ar\/wp-content\/uploads\/sergio-pereyra_03.png\" alt=\"sergio-pereyra_03\" width=\"96\" height=\"96\" \/><br \/><strong>Director SKIF Argentina<\/strong><br \/>Prof. Sergio Daniel PEREYRA<\/div>\n<\/div>\n<p><br \/><br \/><br \/><br \/><br \/><br \/><br \/><br \/><br \/><br \/>Prof. Iv\u00e1n Ariel PEREYRA<br \/>Prof. Claudio Marcelo \u00c1LVAREZ<br \/>Prof. Juan Antonio ACEVEDO<br \/>Prof. Mariano Pablo SPANO<br \/>Prof. Javier Eduardo MORILLO<br \/>Prof. Joaqu\u00edn FERRERO<br \/>Prof. Juan Jos\u00e9 Mar\u00eda TIRIGALL<br \/>Prof. Walter LAGOS OLIVERA<br \/>Prof. Ariel BRINGAS<br \/>Prof. Ivo PATEIRO<br \/>Prof. Carolina GONZALEZ<br \/>Prof. Gast\u00f3n NU\u00d1EZ<br \/>Prof. Paula LOPEZ<br \/>Prof. Gast\u00f3n DRAQUE<br \/>Prof. Pablo CAVEZZALI<br \/>Prof. Osvaldo RODRIGUEZ<br \/>Prof. Leonardo RODRIGUEZ LIMA<\/p>\n\n","protected":false},"excerpt":{"rendered":"<p>Estructura de la Escuela L\u00edder fundador del estilo SKIFKancho Hirokazu KANAZAWA 10\u00ba DAN \u00a0 Director Am\u00e9rica Latina y Caribe SKIFHanshi Hiroshi ISHIKAWA 9\u00ba DAN Director SKIF ArgentinaProf. Sergio Daniel PEREYRA Prof. Iv\u00e1n Ariel PEREYRAProf. Claudio Marcelo \u00c1LVAREZProf. Juan Antonio ACEVEDOProf. Mariano Pablo SPANOProf. Javier Eduardo MORILLOProf. Joaqu\u00edn FERREROProf. Juan Jos\u00e9 Mar\u00eda TIRIGALLProf. Walter LAGOS OLIVERAProf. [&hellip;]<\/p>\n","protected":false},"author":1,"featured_media":0,"parent":0,"menu_order":0,"comment_status":"open","ping_status":"open","template":"","meta":[],"_links":{"self":[{"href":"https:\/\/skif.com.ar\/index.php?rest_route=\/wp\/v2\/pages\/684"}],"collection":[{"href":"https:\/\/skif.com.ar\/index.php?rest_route=\/wp\/v2\/pages"}],"about":[{"href":"https:\/\/skif.com.ar\/index.php?rest_route=\/wp\/v2\/types\/page"}],"author":[{"embeddable":true,"href":"https:\/\/skif.com.ar\/index.php?rest_route=\/wp\/v2\/users\/1"}],"replies":[{"embeddable":true,"href":"https:\/\/skif.com.ar\/index.php?rest_route=%2Fwp%2Fv2%2Fcomments&post=684"}],"version-history":[{"count":87,"href":"https:\/\/skif.com.ar\/index.php?rest_route=\/wp\/v2\/pages\/684\/revisions"}],"predecessor-version":[{"id":1964,"href":"https:\/\/skif.com.ar\/index.php?rest_route=\/wp\/v2\/pages\/684\/revisions\/1964"}],"wp:attachment":[{"href":"https:\/\/skif.com.ar\/index.php?rest_route=%2Fwp%2Fv2%2Fmedia&parent=684"}],"curies":[{"name":"wp","href":"https:\/\/api.w.org\/{rel}","templated":true}]}}